{"id":2171,"date":"2022-10-26T13:38:56","date_gmt":"2022-10-26T17:38:56","guid":{"rendered":"https:\/\/corporate.stingray.com\/investors\/"},"modified":"2026-02-26T12:59:32","modified_gmt":"2026-02-26T17:59:32","slug":"relations-investisseurs","status":"publish","type":"page","link":"https:\/\/corporate.stingray.com\/fr\/relations-investisseurs\/","title":{"rendered":"Relations investisseurs"},"content":{"rendered":"","protected":false},"excerpt":{"rendered":"","protected":false},"author":4,"featured_media":0,"parent":0,"menu_order":0,"comment_status":"closed","ping_status":"closed","template":"page-templates\/page-blocks.php","meta":{"_acf_changed":false,"footnotes":""},"class_list":["post-2171","page","type-page","status-publish","hentry"],"acf":[],"yoast_head":"<!-- This site is optimized with the Yoast SEO plugin v24.6 - https:\/\/yoast.com\/wordpress\/plugins\/seo\/ -->\n<title>Relations investisseurs - Informations corporatives<\/title>\n<meta name=\"description\" content=\"D\u00e9couvrez les derniers rapports financiers, la gouvernance d\u2019entreprise et les mises \u00e0 jour pour les investisseurs. Acc\u00e9dez aux donn\u00e9es et analyses cl\u00e9s.\" \/>\n<meta name=\"robots\" content=\"index, follow, max-snippet:-1, max-image-preview:large, max-video-preview:-1\" \/>\n<link rel=\"canonical\" href=\"https:\/\/corporate.stingray.com\/fr\/relations-investisseurs\/\" \/>\n<meta property=\"og:locale\" content=\"fr_FR\" \/>\n<meta property=\"og:type\" content=\"article\" \/>\n<meta property=\"og:title\" content=\"Relations investisseurs - Stingray Group Inc\" \/>\n<meta property=\"og:description\" content=\"D\u00e9couvrez les derniers rapports financiers, la gouvernance d\u2019entreprise et les mises \u00e0 jour pour les investisseurs. Acc\u00e9dez aux donn\u00e9es et analyses cl\u00e9s.\" \/>\n<meta property=\"og:url\" content=\"https:\/\/corporate.stingray.com\/fr\/relations-investisseurs\/\" \/>\n<meta property=\"og:site_name\" content=\"Informations corporatives\" \/>\n<meta property=\"article:modified_time\" content=\"2026-02-26T17:59:32+00:00\" \/>\n<meta property=\"og:image\" content=\"https:\/\/corporate.stingray.com\/wp-content\/uploads\/2023\/03\/Media-center_image.jpg\" \/>\n\t<meta property=\"og:image:width\" content=\"920\" \/>\n\t<meta property=\"og:image:height\" content=\"520\" \/>\n\t<meta property=\"og:image:type\" content=\"image\/jpeg\" \/>\n<meta name=\"twitter:card\" content=\"summary_large_image\" \/>\n<meta name=\"twitter:title\" content=\"Relations investisseurs - Stingray Group Inc\" \/>\n<meta name=\"twitter:description\" content=\"D\u00e9couvrez les derniers rapports financiers, la gouvernance d\u2019entreprise et les mises \u00e0 jour pour les investisseurs. Acc\u00e9dez aux donn\u00e9es et analyses cl\u00e9s.\" \/>\n<meta name=\"twitter:image\" content=\"https:\/\/corporate.stingray.com\/wp-content\/uploads\/2023\/03\/Media-center_image.jpg\" \/>\n<script type=\"application\/ld+json\" class=\"yoast-schema-graph\">{\"@context\":\"https:\/\/schema.org\",\"@graph\":[{\"@type\":\"WebPage\",\"@id\":\"https:\/\/corporate.stingray.com\/fr\/relations-investisseurs\/\",\"url\":\"https:\/\/corporate.stingray.com\/fr\/relations-investisseurs\/\",\"name\":\"Relations investisseurs - Informations corporatives\",\"isPartOf\":{\"@id\":\"https:\/\/corporate.stingray.com\/#website\"},\"datePublished\":\"2022-10-26T17:38:56+00:00\",\"dateModified\":\"2026-02-26T17:59:32+00:00\",\"description\":\"D\u00e9couvrez les derniers rapports financiers, la gouvernance d\u2019entreprise et les mises \u00e0 jour pour les investisseurs. Acc\u00e9dez aux donn\u00e9es et analyses cl\u00e9s.\",\"breadcrumb\":{\"@id\":\"https:\/\/corporate.stingray.com\/fr\/relations-investisseurs\/#breadcrumb\"},\"inLanguage\":\"fr-FR\",\"potentialAction\":[{\"@type\":\"ReadAction\",\"target\":[\"https:\/\/corporate.stingray.com\/fr\/relations-investisseurs\/\"]}]},{\"@type\":\"BreadcrumbList\",\"@id\":\"https:\/\/corporate.stingray.com\/fr\/relations-investisseurs\/#breadcrumb\",\"itemListElement\":[{\"@type\":\"ListItem\",\"position\":1,\"name\":\"Home\",\"item\":\"https:\/\/corporate.stingray.com\/fr\/\"},{\"@type\":\"ListItem\",\"position\":2,\"name\":\"Relations investisseurs\"}]},{\"@type\":\"WebSite\",\"@id\":\"https:\/\/corporate.stingray.com\/#website\",\"url\":\"https:\/\/corporate.stingray.com\/\",\"name\":\"Investors & press\",\"description\":\"A Leading Global Music, Media, and Technology Force\",\"potentialAction\":[{\"@type\":\"SearchAction\",\"target\":{\"@type\":\"EntryPoint\",\"urlTemplate\":\"https:\/\/corporate.stingray.com\/?s={search_term_string}\"},\"query-input\":{\"@type\":\"PropertyValueSpecification\",\"valueRequired\":true,\"valueName\":\"search_term_string\"}}],\"inLanguage\":\"fr-FR\"}]}<\/script>\n<!-- \/ Yoast SEO plugin. -->","yoast_head_json":{"title":"Relations investisseurs - Informations corporatives","description":"D\u00e9couvrez les derniers rapports financiers, la gouvernance d\u2019entreprise et les mises \u00e0 jour pour les investisseurs. Acc\u00e9dez aux donn\u00e9es et analyses cl\u00e9s.","robots":{"index":"index","follow":"follow","max-snippet":"max-snippet:-1","max-image-preview":"max-image-preview:large","max-video-preview":"max-video-preview:-1"},"canonical":"https:\/\/corporate.stingray.com\/fr\/relations-investisseurs\/","og_locale":"fr_FR","og_type":"article","og_title":"Relations investisseurs - Stingray Group Inc","og_description":"D\u00e9couvrez les derniers rapports financiers, la gouvernance d\u2019entreprise et les mises \u00e0 jour pour les investisseurs. Acc\u00e9dez aux donn\u00e9es et analyses cl\u00e9s.","og_url":"https:\/\/corporate.stingray.com\/fr\/relations-investisseurs\/","og_site_name":"Informations corporatives","article_modified_time":"2026-02-26T17:59:32+00:00","og_image":[{"width":920,"height":520,"url":"https:\/\/corporate.stingray.com\/wp-content\/uploads\/2023\/03\/Media-center_image.jpg","type":"image\/jpeg"}],"twitter_card":"summary_large_image","twitter_title":"Relations investisseurs - Stingray Group Inc","twitter_description":"D\u00e9couvrez les derniers rapports financiers, la gouvernance d\u2019entreprise et les mises \u00e0 jour pour les investisseurs. Acc\u00e9dez aux donn\u00e9es et analyses cl\u00e9s.","twitter_image":"https:\/\/corporate.stingray.com\/wp-content\/uploads\/2023\/03\/Media-center_image.jpg","schema":{"@context":"https:\/\/schema.org","@graph":[{"@type":"WebPage","@id":"https:\/\/corporate.stingray.com\/fr\/relations-investisseurs\/","url":"https:\/\/corporate.stingray.com\/fr\/relations-investisseurs\/","name":"Relations investisseurs - Informations corporatives","isPartOf":{"@id":"https:\/\/corporate.stingray.com\/#website"},"datePublished":"2022-10-26T17:38:56+00:00","dateModified":"2026-02-26T17:59:32+00:00","description":"D\u00e9couvrez les derniers rapports financiers, la gouvernance d\u2019entreprise et les mises \u00e0 jour pour les investisseurs. Acc\u00e9dez aux donn\u00e9es et analyses cl\u00e9s.","breadcrumb":{"@id":"https:\/\/corporate.stingray.com\/fr\/relations-investisseurs\/#breadcrumb"},"inLanguage":"fr-FR","potentialAction":[{"@type":"ReadAction","target":["https:\/\/corporate.stingray.com\/fr\/relations-investisseurs\/"]}]},{"@type":"BreadcrumbList","@id":"https:\/\/corporate.stingray.com\/fr\/relations-investisseurs\/#breadcrumb","itemListElement":[{"@type":"ListItem","position":1,"name":"Home","item":"https:\/\/corporate.stingray.com\/fr\/"},{"@type":"ListItem","position":2,"name":"Relations investisseurs"}]},{"@type":"WebSite","@id":"https:\/\/corporate.stingray.com\/#website","url":"https:\/\/corporate.stingray.com\/","name":"Investors & press","description":"A Leading Global Music, Media, and Technology Force","potentialAction":[{"@type":"SearchAction","target":{"@type":"EntryPoint","urlTemplate":"https:\/\/corporate.stingray.com\/?s={search_term_string}"},"query-input":{"@type":"PropertyValueSpecification","valueRequired":true,"valueName":"search_term_string"}}],"inLanguage":"fr-FR"}]}},"_links":{"self":[{"href":"https:\/\/corporate.stingray.com\/fr\/wp-json\/wp\/v2\/pages\/2171","targetHints":{"allow":["GET"]}}],"collection":[{"href":"https:\/\/corporate.stingray.com\/fr\/wp-json\/wp\/v2\/pages"}],"about":[{"href":"https:\/\/corporate.stingray.com\/fr\/wp-json\/wp\/v2\/types\/page"}],"author":[{"embeddable":true,"href":"https:\/\/corporate.stingray.com\/fr\/wp-json\/wp\/v2\/users\/4"}],"replies":[{"embeddable":true,"href":"https:\/\/corporate.stingray.com\/fr\/wp-json\/wp\/v2\/comments?post=2171"}],"version-history":[{"count":65,"href":"https:\/\/corporate.stingray.com\/fr\/wp-json\/wp\/v2\/pages\/2171\/revisions"}],"predecessor-version":[{"id":13895,"href":"https:\/\/corporate.stingray.com\/fr\/wp-json\/wp\/v2\/pages\/2171\/revisions\/13895"}],"wp:attachment":[{"href":"https:\/\/corporate.stingray.com\/fr\/wp-json\/wp\/v2\/media?parent=2171"}],"curies":[{"name":"wp","href":"https:\/\/api.w.org\/{rel}","templated":true}]}}