{"id":2170,"date":"2022-10-26T13:51:16","date_gmt":"2022-10-26T17:51:16","guid":{"rendered":"https:\/\/corporate.stingray.com\/corporate-governance\/"},"modified":"2025-10-30T09:31:43","modified_gmt":"2025-10-30T13:31:43","slug":"gouvernance","status":"publish","type":"page","link":"https:\/\/corporate.stingray.com\/fr\/relations-investisseurs\/gouvernance\/","title":{"rendered":"Gouvernance"},"content":{"rendered":"","protected":false},"excerpt":{"rendered":"","protected":false},"author":4,"featured_media":2518,"parent":2171,"menu_order":0,"comment_status":"closed","ping_status":"closed","template":"page-templates\/page-blocks.php","meta":{"_acf_changed":false,"footnotes":""},"class_list":["post-2170","page","type-page","status-publish","has-post-thumbnail","hentry"],"acf":[],"yoast_head":"<!-- This site is optimized with the Yoast SEO plugin v24.6 - https:\/\/yoast.com\/wordpress\/plugins\/seo\/ -->\n<title>Gouvernance - Informations corporatives<\/title>\n<meta name=\"description\" content=\"Faites la connaissance des dirigeants et des membres du conseil d\u2019administration de Stingray. Notre gouvernance d\u2019entreprise repose sur un solide groupe \u00e9quilibr\u00e9 de chefs de file mondiaux de l\u2019industrie dont les connaissances et l\u2019exp\u00e9rience guident et soutiennent de fa\u00e7on strat\u00e9gique la cr\u00e9ation d\u2019une valeur \u00e0 long terme pour l\u2019entreprise.\" \/>\n<meta name=\"robots\" content=\"index, follow, max-snippet:-1, max-image-preview:large, max-video-preview:-1\" \/>\n<link rel=\"canonical\" href=\"https:\/\/corporate.stingray.com\/fr\/relations-investisseurs\/gouvernance\/\" \/>\n<meta property=\"og:locale\" content=\"fr_FR\" \/>\n<meta property=\"og:type\" content=\"article\" \/>\n<meta property=\"og:title\" content=\"Rapports financiers\" \/>\n<meta property=\"og:description\" content=\"Faites la connaissance des dirigeants et des membres du conseil d\u2019administration de Stingray. Notre gouvernance d\u2019entreprise repose sur un solide groupe \u00e9quilibr\u00e9 de chefs de file mondiaux de l\u2019industrie dont les connaissances et l\u2019exp\u00e9rience guident et soutiennent de fa\u00e7on strat\u00e9gique la cr\u00e9ation d\u2019une valeur \u00e0 long terme pour l\u2019entreprise.\" \/>\n<meta property=\"og:url\" content=\"https:\/\/corporate.stingray.com\/fr\/relations-investisseurs\/gouvernance\/\" \/>\n<meta property=\"og:site_name\" content=\"Informations corporatives\" \/>\n<meta property=\"article:modified_time\" content=\"2025-10-30T13:31:43+00:00\" \/>\n<meta property=\"og:image\" content=\"https:\/\/corporate.stingray.com\/wp-content\/uploads\/2023\/02\/stingray-social-banner.png\" \/>\n\t<meta property=\"og:image:width\" content=\"1200\" \/>\n\t<meta property=\"og:image:height\" content=\"630\" \/>\n\t<meta property=\"og:image:type\" content=\"image\/png\" \/>\n<meta name=\"twitter:card\" content=\"summary_large_image\" \/>\n<meta name=\"twitter:title\" content=\"Rapports financiers\" \/>\n<meta name=\"twitter:description\" content=\"Faites la connaissance des dirigeants et des membres du conseil d\u2019administration de Stingray. Notre gouvernance d\u2019entreprise repose sur un solide groupe \u00e9quilibr\u00e9 de chefs de file mondiaux de l\u2019industrie dont les connaissances et l\u2019exp\u00e9rience guident et soutiennent de fa\u00e7on strat\u00e9gique la cr\u00e9ation d\u2019une valeur \u00e0 long terme pour l\u2019entreprise.\" \/>\n<meta name=\"twitter:image\" content=\"https:\/\/corporate.stingray.com\/wp-content\/uploads\/2023\/02\/stingray-social-banner.png\" \/>\n<meta name=\"twitter:label1\" content=\"Dur\u00e9e de lecture estim\u00e9e\" \/>\n\t<meta name=\"twitter:data1\" content=\"1 minute\" \/>\n<script type=\"application\/ld+json\" class=\"yoast-schema-graph\">{\"@context\":\"https:\/\/schema.org\",\"@graph\":[{\"@type\":\"WebPage\",\"@id\":\"https:\/\/corporate.stingray.com\/fr\/relations-investisseurs\/gouvernance\/\",\"url\":\"https:\/\/corporate.stingray.com\/fr\/relations-investisseurs\/gouvernance\/\",\"name\":\"Gouvernance - Informations corporatives\",\"isPartOf\":{\"@id\":\"https:\/\/corporate.stingray.com\/#website\"},\"primaryImageOfPage\":{\"@id\":\"https:\/\/corporate.stingray.com\/fr\/relations-investisseurs\/gouvernance\/#primaryimage\"},\"image\":{\"@id\":\"https:\/\/corporate.stingray.com\/fr\/relations-investisseurs\/gouvernance\/#primaryimage\"},\"thumbnailUrl\":\"https:\/\/corporate.stingray.com\/wp-content\/uploads\/2023\/02\/stingray-social-banner.png\",\"datePublished\":\"2022-10-26T17:51:16+00:00\",\"dateModified\":\"2025-10-30T13:31:43+00:00\",\"description\":\"Faites la connaissance des dirigeants et des membres du conseil d\u2019administration de Stingray. Notre gouvernance d\u2019entreprise repose sur un solide groupe \u00e9quilibr\u00e9 de chefs de file mondiaux de l\u2019industrie dont les connaissances et l\u2019exp\u00e9rience guident et soutiennent de fa\u00e7on strat\u00e9gique la cr\u00e9ation d\u2019une valeur \u00e0 long terme pour l\u2019entreprise.\",\"breadcrumb\":{\"@id\":\"https:\/\/corporate.stingray.com\/fr\/relations-investisseurs\/gouvernance\/#breadcrumb\"},\"inLanguage\":\"fr-FR\",\"potentialAction\":[{\"@type\":\"ReadAction\",\"target\":[\"https:\/\/corporate.stingray.com\/fr\/relations-investisseurs\/gouvernance\/\"]}]},{\"@type\":\"ImageObject\",\"inLanguage\":\"fr-FR\",\"@id\":\"https:\/\/corporate.stingray.com\/fr\/relations-investisseurs\/gouvernance\/#primaryimage\",\"url\":\"https:\/\/corporate.stingray.com\/wp-content\/uploads\/2023\/02\/stingray-social-banner.png\",\"contentUrl\":\"https:\/\/corporate.stingray.com\/wp-content\/uploads\/2023\/02\/stingray-social-banner.png\",\"width\":1200,\"height\":630},{\"@type\":\"BreadcrumbList\",\"@id\":\"https:\/\/corporate.stingray.com\/fr\/relations-investisseurs\/gouvernance\/#breadcrumb\",\"itemListElement\":[{\"@type\":\"ListItem\",\"position\":1,\"name\":\"Home\",\"item\":\"https:\/\/corporate.stingray.com\/fr\/\"},{\"@type\":\"ListItem\",\"position\":2,\"name\":\"Relations investisseurs\",\"item\":\"https:\/\/corporate.stingray.com\/fr\/relations-investisseurs\/\"},{\"@type\":\"ListItem\",\"position\":3,\"name\":\"Gouvernance\"}]},{\"@type\":\"WebSite\",\"@id\":\"https:\/\/corporate.stingray.com\/#website\",\"url\":\"https:\/\/corporate.stingray.com\/\",\"name\":\"Investors & press\",\"description\":\"A Leading Global Music, Media, and Technology Force\",\"potentialAction\":[{\"@type\":\"SearchAction\",\"target\":{\"@type\":\"EntryPoint\",\"urlTemplate\":\"https:\/\/corporate.stingray.com\/?s={search_term_string}\"},\"query-input\":{\"@type\":\"PropertyValueSpecification\",\"valueRequired\":true,\"valueName\":\"search_term_string\"}}],\"inLanguage\":\"fr-FR\"}]}<\/script>\n<!-- \/ Yoast SEO plugin. -->","yoast_head_json":{"title":"Gouvernance - Informations corporatives","description":"Faites la connaissance des dirigeants et des membres du conseil d\u2019administration de Stingray. Notre gouvernance d\u2019entreprise repose sur un solide groupe \u00e9quilibr\u00e9 de chefs de file mondiaux de l\u2019industrie dont les connaissances et l\u2019exp\u00e9rience guident et soutiennent de fa\u00e7on strat\u00e9gique la cr\u00e9ation d\u2019une valeur \u00e0 long terme pour l\u2019entreprise.","robots":{"index":"index","follow":"follow","max-snippet":"max-snippet:-1","max-image-preview":"max-image-preview:large","max-video-preview":"max-video-preview:-1"},"canonical":"https:\/\/corporate.stingray.com\/fr\/relations-investisseurs\/gouvernance\/","og_locale":"fr_FR","og_type":"article","og_title":"Rapports financiers","og_description":"Faites la connaissance des dirigeants et des membres du conseil d\u2019administration de Stingray. Notre gouvernance d\u2019entreprise repose sur un solide groupe \u00e9quilibr\u00e9 de chefs de file mondiaux de l\u2019industrie dont les connaissances et l\u2019exp\u00e9rience guident et soutiennent de fa\u00e7on strat\u00e9gique la cr\u00e9ation d\u2019une valeur \u00e0 long terme pour l\u2019entreprise.","og_url":"https:\/\/corporate.stingray.com\/fr\/relations-investisseurs\/gouvernance\/","og_site_name":"Informations corporatives","article_modified_time":"2025-10-30T13:31:43+00:00","og_image":[{"width":1200,"height":630,"url":"https:\/\/corporate.stingray.com\/wp-content\/uploads\/2023\/02\/stingray-social-banner.png","type":"image\/png"}],"twitter_card":"summary_large_image","twitter_title":"Rapports financiers","twitter_description":"Faites la connaissance des dirigeants et des membres du conseil d\u2019administration de Stingray. Notre gouvernance d\u2019entreprise repose sur un solide groupe \u00e9quilibr\u00e9 de chefs de file mondiaux de l\u2019industrie dont les connaissances et l\u2019exp\u00e9rience guident et soutiennent de fa\u00e7on strat\u00e9gique la cr\u00e9ation d\u2019une valeur \u00e0 long terme pour l\u2019entreprise.","twitter_image":"https:\/\/corporate.stingray.com\/wp-content\/uploads\/2023\/02\/stingray-social-banner.png","twitter_misc":{"Dur\u00e9e de lecture estim\u00e9e":"1 minute"},"schema":{"@context":"https:\/\/schema.org","@graph":[{"@type":"WebPage","@id":"https:\/\/corporate.stingray.com\/fr\/relations-investisseurs\/gouvernance\/","url":"https:\/\/corporate.stingray.com\/fr\/relations-investisseurs\/gouvernance\/","name":"Gouvernance - Informations corporatives","isPartOf":{"@id":"https:\/\/corporate.stingray.com\/#website"},"primaryImageOfPage":{"@id":"https:\/\/corporate.stingray.com\/fr\/relations-investisseurs\/gouvernance\/#primaryimage"},"image":{"@id":"https:\/\/corporate.stingray.com\/fr\/relations-investisseurs\/gouvernance\/#primaryimage"},"thumbnailUrl":"https:\/\/corporate.stingray.com\/wp-content\/uploads\/2023\/02\/stingray-social-banner.png","datePublished":"2022-10-26T17:51:16+00:00","dateModified":"2025-10-30T13:31:43+00:00","description":"Faites la connaissance des dirigeants et des membres du conseil d\u2019administration de Stingray. Notre gouvernance d\u2019entreprise repose sur un solide groupe \u00e9quilibr\u00e9 de chefs de file mondiaux de l\u2019industrie dont les connaissances et l\u2019exp\u00e9rience guident et soutiennent de fa\u00e7on strat\u00e9gique la cr\u00e9ation d\u2019une valeur \u00e0 long terme pour l\u2019entreprise.","breadcrumb":{"@id":"https:\/\/corporate.stingray.com\/fr\/relations-investisseurs\/gouvernance\/#breadcrumb"},"inLanguage":"fr-FR","potentialAction":[{"@type":"ReadAction","target":["https:\/\/corporate.stingray.com\/fr\/relations-investisseurs\/gouvernance\/"]}]},{"@type":"ImageObject","inLanguage":"fr-FR","@id":"https:\/\/corporate.stingray.com\/fr\/relations-investisseurs\/gouvernance\/#primaryimage","url":"https:\/\/corporate.stingray.com\/wp-content\/uploads\/2023\/02\/stingray-social-banner.png","contentUrl":"https:\/\/corporate.stingray.com\/wp-content\/uploads\/2023\/02\/stingray-social-banner.png","width":1200,"height":630},{"@type":"BreadcrumbList","@id":"https:\/\/corporate.stingray.com\/fr\/relations-investisseurs\/gouvernance\/#breadcrumb","itemListElement":[{"@type":"ListItem","position":1,"name":"Home","item":"https:\/\/corporate.stingray.com\/fr\/"},{"@type":"ListItem","position":2,"name":"Relations investisseurs","item":"https:\/\/corporate.stingray.com\/fr\/relations-investisseurs\/"},{"@type":"ListItem","position":3,"name":"Gouvernance"}]},{"@type":"WebSite","@id":"https:\/\/corporate.stingray.com\/#website","url":"https:\/\/corporate.stingray.com\/","name":"Investors & press","description":"A Leading Global Music, Media, and Technology Force","potentialAction":[{"@type":"SearchAction","target":{"@type":"EntryPoint","urlTemplate":"https:\/\/corporate.stingray.com\/?s={search_term_string}"},"query-input":{"@type":"PropertyValueSpecification","valueRequired":true,"valueName":"search_term_string"}}],"inLanguage":"fr-FR"}]}},"_links":{"self":[{"href":"https:\/\/corporate.stingray.com\/fr\/wp-json\/wp\/v2\/pages\/2170","targetHints":{"allow":["GET"]}}],"collection":[{"href":"https:\/\/corporate.stingray.com\/fr\/wp-json\/wp\/v2\/pages"}],"about":[{"href":"https:\/\/corporate.stingray.com\/fr\/wp-json\/wp\/v2\/types\/page"}],"author":[{"embeddable":true,"href":"https:\/\/corporate.stingray.com\/fr\/wp-json\/wp\/v2\/users\/4"}],"replies":[{"embeddable":true,"href":"https:\/\/corporate.stingray.com\/fr\/wp-json\/wp\/v2\/comments?post=2170"}],"version-history":[{"count":29,"href":"https:\/\/corporate.stingray.com\/fr\/wp-json\/wp\/v2\/pages\/2170\/revisions"}],"predecessor-version":[{"id":13515,"href":"https:\/\/corporate.stingray.com\/fr\/wp-json\/wp\/v2\/pages\/2170\/revisions\/13515"}],"up":[{"embeddable":true,"href":"https:\/\/corporate.stingray.com\/fr\/wp-json\/wp\/v2\/pages\/2171"}],"wp:featuredmedia":[{"embeddable":true,"href":"https:\/\/corporate.stingray.com\/fr\/wp-json\/wp\/v2\/media\/2518"}],"wp:attachment":[{"href":"https:\/\/corporate.stingray.com\/fr\/wp-json\/wp\/v2\/media?parent=2170"}],"curies":[{"name":"wp","href":"https:\/\/api.w.org\/{rel}","templated":true}]}}