{"id":2155,"date":"2022-10-30T20:32:43","date_gmt":"2022-10-31T00:32:43","guid":{"rendered":"https:\/\/corporate.stingray.com\/faq\/"},"modified":"2023-07-10T14:44:52","modified_gmt":"2023-07-10T18:44:52","slug":"faq","status":"publish","type":"page","link":"https:\/\/corporate.stingray.com\/fr\/faq\/","title":{"rendered":"FAQ"},"content":{"rendered":"","protected":false},"excerpt":{"rendered":"","protected":false},"author":4,"featured_media":2518,"parent":0,"menu_order":0,"comment_status":"closed","ping_status":"closed","template":"page-templates\/page-blocks.php","meta":{"_acf_changed":false,"footnotes":""},"class_list":["post-2155","page","type-page","status-publish","has-post-thumbnail","hentry"],"acf":[],"yoast_head":"<!-- This site is optimized with the Yoast SEO plugin v24.6 - https:\/\/yoast.com\/wordpress\/plugins\/seo\/ -->\n<title>FAQ - Informations corporatives<\/title>\n<meta name=\"description\" content=\"Trouvez toutes les informations financi\u00e8res sur Stingray (RAY.A), une soci\u00e9t\u00e9 canadienne de m\u00e9dias et de divertissement cot\u00e9e en bourse bas\u00e9e \u00e0 Montr\u00e9al\" \/>\n<meta name=\"robots\" content=\"index, follow, max-snippet:-1, max-image-preview:large, max-video-preview:-1\" \/>\n<link rel=\"canonical\" href=\"https:\/\/corporate.stingray.com\/fr\/faq\/\" \/>\n<meta property=\"og:locale\" content=\"fr_FR\" \/>\n<meta property=\"og:type\" content=\"article\" \/>\n<meta property=\"og:title\" content=\"Foire aux Questions\" \/>\n<meta property=\"og:description\" content=\"Trouvez toutes les informations financi\u00e8res sur Stingray (RAY.A), une soci\u00e9t\u00e9 canadienne de m\u00e9dias et de divertissement cot\u00e9e en bourse bas\u00e9e \u00e0 Montr\u00e9alTrouvez toutes les informations financi\u00e8res sur Stingray (RAY.A), une soci\u00e9t\u00e9 canadienne de m\u00e9dias et de divertissement cot\u00e9e en bourse bas\u00e9e \u00e0 Montr\u00e9al\" \/>\n<meta property=\"og:url\" content=\"https:\/\/corporate.stingray.com\/fr\/faq\/\" \/>\n<meta property=\"og:site_name\" content=\"Informations corporatives\" \/>\n<meta property=\"article:modified_time\" content=\"2023-07-10T18:44:52+00:00\" \/>\n<meta property=\"og:image\" content=\"https:\/\/corporate.stingray.com\/wp-content\/uploads\/2023\/02\/stingray-social-banner.png\" \/>\n\t<meta property=\"og:image:width\" content=\"1200\" \/>\n\t<meta property=\"og:image:height\" content=\"630\" \/>\n\t<meta property=\"og:image:type\" content=\"image\/png\" \/>\n<meta name=\"twitter:card\" content=\"summary_large_image\" \/>\n<meta name=\"twitter:title\" content=\"Foire aux Questions\" \/>\n<meta name=\"twitter:description\" content=\"Trouvez toutes les informations financi\u00e8res sur Stingray (RAY.A), une soci\u00e9t\u00e9 canadienne de m\u00e9dias et de divertissement cot\u00e9e en bourse bas\u00e9e \u00e0 Montr\u00e9alTrouvez toutes les informations financi\u00e8res sur Stingray (RAY.A), une soci\u00e9t\u00e9 canadienne de m\u00e9dias et de divertissement cot\u00e9e en bourse bas\u00e9e \u00e0 Montr\u00e9al\" \/>\n<meta name=\"twitter:image\" content=\"https:\/\/corporate.stingray.com\/wp-content\/uploads\/2023\/02\/stingray-social-banner.png\" \/>\n<script type=\"application\/ld+json\" class=\"yoast-schema-graph\">{\"@context\":\"https:\/\/schema.org\",\"@graph\":[{\"@type\":[\"WebPage\",\"FAQPage\"],\"@id\":\"https:\/\/corporate.stingray.com\/fr\/faq\/\",\"url\":\"https:\/\/corporate.stingray.com\/fr\/faq\/\",\"name\":\"FAQ - Informations corporatives\",\"isPartOf\":{\"@id\":\"https:\/\/corporate.stingray.com\/#website\"},\"primaryImageOfPage\":{\"@id\":\"https:\/\/corporate.stingray.com\/fr\/faq\/#primaryimage\"},\"image\":{\"@id\":\"https:\/\/corporate.stingray.com\/fr\/faq\/#primaryimage\"},\"thumbnailUrl\":\"https:\/\/corporate.stingray.com\/wp-content\/uploads\/2023\/02\/stingray-social-banner.png\",\"datePublished\":\"2022-10-31T00:32:43+00:00\",\"dateModified\":\"2023-07-10T18:44:52+00:00\",\"description\":\"Trouvez toutes les informations financi\u00e8res sur Stingray (RAY.A), une soci\u00e9t\u00e9 canadienne de m\u00e9dias et de divertissement cot\u00e9e en bourse bas\u00e9e \u00e0 Montr\u00e9al\",\"breadcrumb\":{\"@id\":\"https:\/\/corporate.stingray.com\/fr\/faq\/#breadcrumb\"},\"inLanguage\":\"fr-FR\",\"potentialAction\":[{\"@type\":\"ReadAction\",\"target\":[\"https:\/\/corporate.stingray.com\/fr\/faq\/\"]}]},{\"@type\":\"ImageObject\",\"inLanguage\":\"fr-FR\",\"@id\":\"https:\/\/corporate.stingray.com\/fr\/faq\/#primaryimage\",\"url\":\"https:\/\/corporate.stingray.com\/wp-content\/uploads\/2023\/02\/stingray-social-banner.png\",\"contentUrl\":\"https:\/\/corporate.stingray.com\/wp-content\/uploads\/2023\/02\/stingray-social-banner.png\",\"width\":1200,\"height\":630},{\"@type\":\"BreadcrumbList\",\"@id\":\"https:\/\/corporate.stingray.com\/fr\/faq\/#breadcrumb\",\"itemListElement\":[{\"@type\":\"ListItem\",\"position\":1,\"name\":\"Home\",\"item\":\"https:\/\/corporate.stingray.com\/fr\/\"},{\"@type\":\"ListItem\",\"position\":2,\"name\":\"FAQ\"}]},{\"@type\":\"WebSite\",\"@id\":\"https:\/\/corporate.stingray.com\/#website\",\"url\":\"https:\/\/corporate.stingray.com\/\",\"name\":\"Investors & press\",\"description\":\"A Leading Global Music, Media, and Technology Force\",\"potentialAction\":[{\"@type\":\"SearchAction\",\"target\":{\"@type\":\"EntryPoint\",\"urlTemplate\":\"https:\/\/corporate.stingray.com\/?s={search_term_string}\"},\"query-input\":{\"@type\":\"PropertyValueSpecification\",\"valueRequired\":true,\"valueName\":\"search_term_string\"}}],\"inLanguage\":\"fr-FR\"}]}<\/script>\n<!-- \/ Yoast SEO plugin. -->","yoast_head_json":{"title":"FAQ - Informations corporatives","description":"Trouvez toutes les informations financi\u00e8res sur Stingray (RAY.A), une soci\u00e9t\u00e9 canadienne de m\u00e9dias et de divertissement cot\u00e9e en bourse bas\u00e9e \u00e0 Montr\u00e9al","robots":{"index":"index","follow":"follow","max-snippet":"max-snippet:-1","max-image-preview":"max-image-preview:large","max-video-preview":"max-video-preview:-1"},"canonical":"https:\/\/corporate.stingray.com\/fr\/faq\/","og_locale":"fr_FR","og_type":"article","og_title":"Foire aux Questions","og_description":"Trouvez toutes les informations financi\u00e8res sur Stingray (RAY.A), une soci\u00e9t\u00e9 canadienne de m\u00e9dias et de divertissement cot\u00e9e en bourse bas\u00e9e \u00e0 Montr\u00e9alTrouvez toutes les informations financi\u00e8res sur Stingray (RAY.A), une soci\u00e9t\u00e9 canadienne de m\u00e9dias et de divertissement cot\u00e9e en bourse bas\u00e9e \u00e0 Montr\u00e9al","og_url":"https:\/\/corporate.stingray.com\/fr\/faq\/","og_site_name":"Informations corporatives","article_modified_time":"2023-07-10T18:44:52+00:00","og_image":[{"width":1200,"height":630,"url":"https:\/\/corporate.stingray.com\/wp-content\/uploads\/2023\/02\/stingray-social-banner.png","type":"image\/png"}],"twitter_card":"summary_large_image","twitter_title":"Foire aux Questions","twitter_description":"Trouvez toutes les informations financi\u00e8res sur Stingray (RAY.A), une soci\u00e9t\u00e9 canadienne de m\u00e9dias et de divertissement cot\u00e9e en bourse bas\u00e9e \u00e0 Montr\u00e9alTrouvez toutes les informations financi\u00e8res sur Stingray (RAY.A), une soci\u00e9t\u00e9 canadienne de m\u00e9dias et de divertissement cot\u00e9e en bourse bas\u00e9e \u00e0 Montr\u00e9al","twitter_image":"https:\/\/corporate.stingray.com\/wp-content\/uploads\/2023\/02\/stingray-social-banner.png","schema":{"@context":"https:\/\/schema.org","@graph":[{"@type":["WebPage","FAQPage"],"@id":"https:\/\/corporate.stingray.com\/fr\/faq\/","url":"https:\/\/corporate.stingray.com\/fr\/faq\/","name":"FAQ - Informations corporatives","isPartOf":{"@id":"https:\/\/corporate.stingray.com\/#website"},"primaryImageOfPage":{"@id":"https:\/\/corporate.stingray.com\/fr\/faq\/#primaryimage"},"image":{"@id":"https:\/\/corporate.stingray.com\/fr\/faq\/#primaryimage"},"thumbnailUrl":"https:\/\/corporate.stingray.com\/wp-content\/uploads\/2023\/02\/stingray-social-banner.png","datePublished":"2022-10-31T00:32:43+00:00","dateModified":"2023-07-10T18:44:52+00:00","description":"Trouvez toutes les informations financi\u00e8res sur Stingray (RAY.A), une soci\u00e9t\u00e9 canadienne de m\u00e9dias et de divertissement cot\u00e9e en bourse bas\u00e9e \u00e0 Montr\u00e9al","breadcrumb":{"@id":"https:\/\/corporate.stingray.com\/fr\/faq\/#breadcrumb"},"inLanguage":"fr-FR","potentialAction":[{"@type":"ReadAction","target":["https:\/\/corporate.stingray.com\/fr\/faq\/"]}]},{"@type":"ImageObject","inLanguage":"fr-FR","@id":"https:\/\/corporate.stingray.com\/fr\/faq\/#primaryimage","url":"https:\/\/corporate.stingray.com\/wp-content\/uploads\/2023\/02\/stingray-social-banner.png","contentUrl":"https:\/\/corporate.stingray.com\/wp-content\/uploads\/2023\/02\/stingray-social-banner.png","width":1200,"height":630},{"@type":"BreadcrumbList","@id":"https:\/\/corporate.stingray.com\/fr\/faq\/#breadcrumb","itemListElement":[{"@type":"ListItem","position":1,"name":"Home","item":"https:\/\/corporate.stingray.com\/fr\/"},{"@type":"ListItem","position":2,"name":"FAQ"}]},{"@type":"WebSite","@id":"https:\/\/corporate.stingray.com\/#website","url":"https:\/\/corporate.stingray.com\/","name":"Investors & press","description":"A Leading Global Music, Media, and Technology Force","potentialAction":[{"@type":"SearchAction","target":{"@type":"EntryPoint","urlTemplate":"https:\/\/corporate.stingray.com\/?s={search_term_string}"},"query-input":{"@type":"PropertyValueSpecification","valueRequired":true,"valueName":"search_term_string"}}],"inLanguage":"fr-FR"}]}},"_links":{"self":[{"href":"https:\/\/corporate.stingray.com\/fr\/wp-json\/wp\/v2\/pages\/2155","targetHints":{"allow":["GET"]}}],"collection":[{"href":"https:\/\/corporate.stingray.com\/fr\/wp-json\/wp\/v2\/pages"}],"about":[{"href":"https:\/\/corporate.stingray.com\/fr\/wp-json\/wp\/v2\/types\/page"}],"author":[{"embeddable":true,"href":"https:\/\/corporate.stingray.com\/fr\/wp-json\/wp\/v2\/users\/4"}],"replies":[{"embeddable":true,"href":"https:\/\/corporate.stingray.com\/fr\/wp-json\/wp\/v2\/comments?post=2155"}],"version-history":[{"count":5,"href":"https:\/\/corporate.stingray.com\/fr\/wp-json\/wp\/v2\/pages\/2155\/revisions"}],"predecessor-version":[{"id":9325,"href":"https:\/\/corporate.stingray.com\/fr\/wp-json\/wp\/v2\/pages\/2155\/revisions\/9325"}],"wp:featuredmedia":[{"embeddable":true,"href":"https:\/\/corporate.stingray.com\/fr\/wp-json\/wp\/v2\/media\/2518"}],"wp:attachment":[{"href":"https:\/\/corporate.stingray.com\/fr\/wp-json\/wp\/v2\/media?parent=2155"}],"curies":[{"name":"wp","href":"https:\/\/api.w.org\/{rel}","templated":true}]}}