{"id":10771,"date":"2024-07-31T11:27:45","date_gmt":"2024-07-31T15:27:45","guid":{"rendered":"https:\/\/corporate.stingray.com\/our-sustainability-initiatives\/"},"modified":"2025-08-05T20:24:43","modified_gmt":"2025-08-06T00:24:43","slug":"le-developpement-durable","status":"publish","type":"page","link":"https:\/\/corporate.stingray.com\/fr\/le-developpement-durable\/","title":{"rendered":"Le d\u00e9veloppement durable chez Stingray"},"content":{"rendered":"","protected":false},"excerpt":{"rendered":"","protected":false},"author":1,"featured_media":10781,"parent":0,"menu_order":0,"comment_status":"closed","ping_status":"closed","template":"page-templates\/page-blocks.php","meta":{"_acf_changed":false,"footnotes":""},"class_list":["post-10771","page","type-page","status-publish","has-post-thumbnail","hentry"],"acf":[],"yoast_head":"<!-- This site is optimized with the Yoast SEO plugin v24.6 - https:\/\/yoast.com\/wordpress\/plugins\/seo\/ -->\n<title>Le d\u00e9veloppement durable chez Stingray - Informations corporatives<\/title>\n<meta name=\"description\" content=\"Nous sommes fiers de pr\u00e9senter le plus r\u00e9cent rapport de d\u00e9veloppement durable de Stingray, poursuivant ainsi notre parcours vers un avenir respectueux de l\u2019environnement et une plus grande conscience sociale. Ce rapport est le reflet de notre exercice continu d&#039;autor\u00e9flexion et souligne notre profond engagement envers la transparence aupr\u00e8s de nos partenaires.\" \/>\n<meta name=\"robots\" content=\"index, follow, max-snippet:-1, max-image-preview:large, max-video-preview:-1\" \/>\n<link rel=\"canonical\" href=\"https:\/\/corporate.stingray.com\/fr\/le-developpement-durable\/\" \/>\n<meta property=\"og:locale\" content=\"fr_FR\" \/>\n<meta property=\"og:type\" content=\"article\" \/>\n<meta property=\"og:title\" content=\"Le d\u00e9veloppement durable chez Stingray\" \/>\n<meta property=\"og:description\" content=\"Nous sommes fiers de pr\u00e9senter le plus r\u00e9cent rapport de d\u00e9veloppement durable de Stingray, poursuivant ainsi notre parcours vers un avenir respectueux de l\u2019environnement et une plus grande conscience sociale. Ce rapport est le reflet de notre exercice continu d&#039;autor\u00e9flexion et souligne notre profond engagement envers la transparence aupr\u00e8s de nos partenaires.\" \/>\n<meta property=\"og:url\" content=\"https:\/\/corporate.stingray.com\/fr\/le-developpement-durable\/\" \/>\n<meta property=\"og:site_name\" content=\"Informations corporatives\" \/>\n<meta property=\"article:modified_time\" content=\"2025-08-06T00:24:43+00:00\" \/>\n<meta property=\"og:image\" content=\"https:\/\/corporate.stingray.com\/wp-content\/uploads\/2024\/08\/social_stingray_sustainability.png\" \/>\n\t<meta property=\"og:image:width\" content=\"1200\" \/>\n\t<meta property=\"og:image:height\" content=\"628\" \/>\n\t<meta property=\"og:image:type\" content=\"image\/png\" \/>\n<meta name=\"twitter:card\" content=\"summary_large_image\" \/>\n<meta name=\"twitter:title\" content=\"Le d\u00e9veloppement durable chez Stingray\" \/>\n<meta name=\"twitter:description\" content=\"Nous sommes fiers de pr\u00e9senter le plus r\u00e9cent rapport de d\u00e9veloppement durable de Stingray, poursuivant ainsi notre parcours vers un avenir respectueux de l\u2019environnement et une plus grande conscience sociale. Ce rapport est le reflet de notre exercice continu d&#039;autor\u00e9flexion et souligne notre profond engagement envers la transparence aupr\u00e8s de nos partenaires.\" \/>\n<meta name=\"twitter:image\" content=\"https:\/\/corporate.stingray.com\/wp-content\/uploads\/2024\/08\/social_stingray_sustainability.png\" \/>\n<meta name=\"twitter:label1\" content=\"Dur\u00e9e de lecture estim\u00e9e\" \/>\n\t<meta name=\"twitter:data1\" content=\"1 minute\" \/>\n<script type=\"application\/ld+json\" class=\"yoast-schema-graph\">{\"@context\":\"https:\/\/schema.org\",\"@graph\":[{\"@type\":\"WebPage\",\"@id\":\"https:\/\/corporate.stingray.com\/fr\/le-developpement-durable\/\",\"url\":\"https:\/\/corporate.stingray.com\/fr\/le-developpement-durable\/\",\"name\":\"Le d\u00e9veloppement durable chez Stingray - Informations corporatives\",\"isPartOf\":{\"@id\":\"https:\/\/corporate.stingray.com\/#website\"},\"primaryImageOfPage\":{\"@id\":\"https:\/\/corporate.stingray.com\/fr\/le-developpement-durable\/#primaryimage\"},\"image\":{\"@id\":\"https:\/\/corporate.stingray.com\/fr\/le-developpement-durable\/#primaryimage\"},\"thumbnailUrl\":\"https:\/\/corporate.stingray.com\/wp-content\/uploads\/2024\/08\/social_stingray_sustainability.png\",\"datePublished\":\"2024-07-31T15:27:45+00:00\",\"dateModified\":\"2025-08-06T00:24:43+00:00\",\"description\":\"Nous sommes fiers de pr\u00e9senter le plus r\u00e9cent rapport de d\u00e9veloppement durable de Stingray, poursuivant ainsi notre parcours vers un avenir respectueux de l\u2019environnement et une plus grande conscience sociale. Ce rapport est le reflet de notre exercice continu d'autor\u00e9flexion et souligne notre profond engagement envers la transparence aupr\u00e8s de nos partenaires.\",\"breadcrumb\":{\"@id\":\"https:\/\/corporate.stingray.com\/fr\/le-developpement-durable\/#breadcrumb\"},\"inLanguage\":\"fr-FR\",\"potentialAction\":[{\"@type\":\"ReadAction\",\"target\":[\"https:\/\/corporate.stingray.com\/fr\/le-developpement-durable\/\"]}]},{\"@type\":\"ImageObject\",\"inLanguage\":\"fr-FR\",\"@id\":\"https:\/\/corporate.stingray.com\/fr\/le-developpement-durable\/#primaryimage\",\"url\":\"https:\/\/corporate.stingray.com\/wp-content\/uploads\/2024\/08\/social_stingray_sustainability.png\",\"contentUrl\":\"https:\/\/corporate.stingray.com\/wp-content\/uploads\/2024\/08\/social_stingray_sustainability.png\",\"width\":1200,\"height\":628},{\"@type\":\"BreadcrumbList\",\"@id\":\"https:\/\/corporate.stingray.com\/fr\/le-developpement-durable\/#breadcrumb\",\"itemListElement\":[{\"@type\":\"ListItem\",\"position\":1,\"name\":\"Home\",\"item\":\"https:\/\/corporate.stingray.com\/fr\/\"},{\"@type\":\"ListItem\",\"position\":2,\"name\":\"Le d\u00e9veloppement durable chez Stingray\"}]},{\"@type\":\"WebSite\",\"@id\":\"https:\/\/corporate.stingray.com\/#website\",\"url\":\"https:\/\/corporate.stingray.com\/\",\"name\":\"Investors & press\",\"description\":\"A Leading Global Music, Media, and Technology Force\",\"potentialAction\":[{\"@type\":\"SearchAction\",\"target\":{\"@type\":\"EntryPoint\",\"urlTemplate\":\"https:\/\/corporate.stingray.com\/?s={search_term_string}\"},\"query-input\":{\"@type\":\"PropertyValueSpecification\",\"valueRequired\":true,\"valueName\":\"search_term_string\"}}],\"inLanguage\":\"fr-FR\"}]}<\/script>\n<!-- \/ Yoast SEO plugin. -->","yoast_head_json":{"title":"Le d\u00e9veloppement durable chez Stingray - Informations corporatives","description":"Nous sommes fiers de pr\u00e9senter le plus r\u00e9cent rapport de d\u00e9veloppement durable de Stingray, poursuivant ainsi notre parcours vers un avenir respectueux de l\u2019environnement et une plus grande conscience sociale. Ce rapport est le reflet de notre exercice continu d'autor\u00e9flexion et souligne notre profond engagement envers la transparence aupr\u00e8s de nos partenaires.","robots":{"index":"index","follow":"follow","max-snippet":"max-snippet:-1","max-image-preview":"max-image-preview:large","max-video-preview":"max-video-preview:-1"},"canonical":"https:\/\/corporate.stingray.com\/fr\/le-developpement-durable\/","og_locale":"fr_FR","og_type":"article","og_title":"Le d\u00e9veloppement durable chez Stingray","og_description":"Nous sommes fiers de pr\u00e9senter le plus r\u00e9cent rapport de d\u00e9veloppement durable de Stingray, poursuivant ainsi notre parcours vers un avenir respectueux de l\u2019environnement et une plus grande conscience sociale. Ce rapport est le reflet de notre exercice continu d'autor\u00e9flexion et souligne notre profond engagement envers la transparence aupr\u00e8s de nos partenaires.","og_url":"https:\/\/corporate.stingray.com\/fr\/le-developpement-durable\/","og_site_name":"Informations corporatives","article_modified_time":"2025-08-06T00:24:43+00:00","og_image":[{"width":1200,"height":628,"url":"https:\/\/corporate.stingray.com\/wp-content\/uploads\/2024\/08\/social_stingray_sustainability.png","type":"image\/png"}],"twitter_card":"summary_large_image","twitter_title":"Le d\u00e9veloppement durable chez Stingray","twitter_description":"Nous sommes fiers de pr\u00e9senter le plus r\u00e9cent rapport de d\u00e9veloppement durable de Stingray, poursuivant ainsi notre parcours vers un avenir respectueux de l\u2019environnement et une plus grande conscience sociale. Ce rapport est le reflet de notre exercice continu d'autor\u00e9flexion et souligne notre profond engagement envers la transparence aupr\u00e8s de nos partenaires.","twitter_image":"https:\/\/corporate.stingray.com\/wp-content\/uploads\/2024\/08\/social_stingray_sustainability.png","twitter_misc":{"Dur\u00e9e de lecture estim\u00e9e":"1 minute"},"schema":{"@context":"https:\/\/schema.org","@graph":[{"@type":"WebPage","@id":"https:\/\/corporate.stingray.com\/fr\/le-developpement-durable\/","url":"https:\/\/corporate.stingray.com\/fr\/le-developpement-durable\/","name":"Le d\u00e9veloppement durable chez Stingray - Informations corporatives","isPartOf":{"@id":"https:\/\/corporate.stingray.com\/#website"},"primaryImageOfPage":{"@id":"https:\/\/corporate.stingray.com\/fr\/le-developpement-durable\/#primaryimage"},"image":{"@id":"https:\/\/corporate.stingray.com\/fr\/le-developpement-durable\/#primaryimage"},"thumbnailUrl":"https:\/\/corporate.stingray.com\/wp-content\/uploads\/2024\/08\/social_stingray_sustainability.png","datePublished":"2024-07-31T15:27:45+00:00","dateModified":"2025-08-06T00:24:43+00:00","description":"Nous sommes fiers de pr\u00e9senter le plus r\u00e9cent rapport de d\u00e9veloppement durable de Stingray, poursuivant ainsi notre parcours vers un avenir respectueux de l\u2019environnement et une plus grande conscience sociale. Ce rapport est le reflet de notre exercice continu d'autor\u00e9flexion et souligne notre profond engagement envers la transparence aupr\u00e8s de nos partenaires.","breadcrumb":{"@id":"https:\/\/corporate.stingray.com\/fr\/le-developpement-durable\/#breadcrumb"},"inLanguage":"fr-FR","potentialAction":[{"@type":"ReadAction","target":["https:\/\/corporate.stingray.com\/fr\/le-developpement-durable\/"]}]},{"@type":"ImageObject","inLanguage":"fr-FR","@id":"https:\/\/corporate.stingray.com\/fr\/le-developpement-durable\/#primaryimage","url":"https:\/\/corporate.stingray.com\/wp-content\/uploads\/2024\/08\/social_stingray_sustainability.png","contentUrl":"https:\/\/corporate.stingray.com\/wp-content\/uploads\/2024\/08\/social_stingray_sustainability.png","width":1200,"height":628},{"@type":"BreadcrumbList","@id":"https:\/\/corporate.stingray.com\/fr\/le-developpement-durable\/#breadcrumb","itemListElement":[{"@type":"ListItem","position":1,"name":"Home","item":"https:\/\/corporate.stingray.com\/fr\/"},{"@type":"ListItem","position":2,"name":"Le d\u00e9veloppement durable chez Stingray"}]},{"@type":"WebSite","@id":"https:\/\/corporate.stingray.com\/#website","url":"https:\/\/corporate.stingray.com\/","name":"Investors & press","description":"A Leading Global Music, Media, and Technology Force","potentialAction":[{"@type":"SearchAction","target":{"@type":"EntryPoint","urlTemplate":"https:\/\/corporate.stingray.com\/?s={search_term_string}"},"query-input":{"@type":"PropertyValueSpecification","valueRequired":true,"valueName":"search_term_string"}}],"inLanguage":"fr-FR"}]}},"_links":{"self":[{"href":"https:\/\/corporate.stingray.com\/fr\/wp-json\/wp\/v2\/pages\/10771","targetHints":{"allow":["GET"]}}],"collection":[{"href":"https:\/\/corporate.stingray.com\/fr\/wp-json\/wp\/v2\/pages"}],"about":[{"href":"https:\/\/corporate.stingray.com\/fr\/wp-json\/wp\/v2\/types\/page"}],"author":[{"embeddable":true,"href":"https:\/\/corporate.stingray.com\/fr\/wp-json\/wp\/v2\/users\/1"}],"replies":[{"embeddable":true,"href":"https:\/\/corporate.stingray.com\/fr\/wp-json\/wp\/v2\/comments?post=10771"}],"version-history":[{"count":18,"href":"https:\/\/corporate.stingray.com\/fr\/wp-json\/wp\/v2\/pages\/10771\/revisions"}],"predecessor-version":[{"id":13066,"href":"https:\/\/corporate.stingray.com\/fr\/wp-json\/wp\/v2\/pages\/10771\/revisions\/13066"}],"wp:featuredmedia":[{"embeddable":true,"href":"https:\/\/corporate.stingray.com\/fr\/wp-json\/wp\/v2\/media\/10781"}],"wp:attachment":[{"href":"https:\/\/corporate.stingray.com\/fr\/wp-json\/wp\/v2\/media?parent=10771"}],"curies":[{"name":"wp","href":"https:\/\/api.w.org\/{rel}","templated":true}]}}